{"id":69,"date":"2023-02-13T06:39:59","date_gmt":"2023-02-13T06:39:59","guid":{"rendered":"https:\/\/themegenix.net\/reland\/?page_id=69"},"modified":"2024-07-18T09:18:25","modified_gmt":"2024-07-18T09:18:25","slug":"quienes-somos","status":"publish","type":"page","link":"https:\/\/rvgrup.com\/inmobiliaria\/quienes-somos\/","title":{"rendered":"Qui\u00e9nes somos"},"content":{"rendered":"\t\t<div data-elementor-type=\"wp-page\" data-elementor-id=\"69\" class=\"elementor elementor-69\">\n\t\t\t\t\t\t<section class=\"elementor-section elementor-top-section elementor-element elementor-element-ff3b188 elementor-section-full_width elementor-section-height-default elementor-section-height-default\" data-id=\"ff3b188\" data-element_type=\"section\">\n\t\t\t\t\t\t<div class=\"elementor-container elementor-column-gap-no\">\n\t\t\t\t\t<div class=\"elementor-column elementor-col-100 elementor-top-column elementor-element elementor-element-c67bee3\" data-id=\"c67bee3\" data-element_type=\"column\">\n\t\t\t<div class=\"elementor-widget-wrap elementor-element-populated\">\n\t\t\t\t\t\t<div class=\"elementor-element elementor-element-3e3e96a elementor-widget elementor-widget-tg-mission-vision\" data-id=\"3e3e96a\" data-element_type=\"widget\" data-widget_type=\"tg-mission-vision.default\">\n\t\t\t\t<div class=\"elementor-widget-container\">\n\t\t\t\r\n        \r\n            <!-- mission-area -->\r\n            <section class=\"mission-area\">\r\n                <div class=\"container\">\r\n                    <div class=\"row align-items-center\">\r\n\r\n                                                <div class=\"col-lg-6\">\r\n                            <div class=\"mission-img\">\r\n                                <img decoding=\"async\" data-src=\"https:\/\/rvgrup.com\/inmobiliaria\/wp-content\/uploads\/2024\/04\/Zona-Avda-Pearson-\u2013-Juan-de-Alos-e1712165590425.webp\" alt=\"Zona Avda Pearson \u2013 Juan de Al\u00f3s\" src=\"data:image\/gif;base64,R0lGODlhAQABAAAAACH5BAEKAAEALAAAAAABAAEAAAICTAEAOw==\" class=\"lazyload\" style=\"--smush-placeholder-width: 553px; --smush-placeholder-aspect-ratio: 553\/667;\"><noscript><img decoding=\"async\" src=\"https:\/\/rvgrup.com\/inmobiliaria\/wp-content\/uploads\/2024\/04\/Zona-Avda-Pearson-\u2013-Juan-de-Alos-e1712165590425.webp\" alt=\"Zona Avda Pearson \u2013 Juan de Al\u00f3s\"><\/noscript>\r\n                            <\/div>\r\n                        <\/div>\r\n                        \r\n                        <div class=\"col-lg-6\">\r\n                            <div class=\"mission-content\">\r\n                                                                <div class=\"section-title mb-40\">\r\n\r\n                                                                        <span class=\"sub-title\">Nuestros proyectos son la mejor carta de presentaci\u00f3n<\/span>\r\n                                    \r\n                                    <h2 class=\"title\">M\u00c1S DE 30 A\u00d1OS EN EL SECTOR INMOBILIARIO<\/h2>\r\n                                <\/div>\r\n\r\n                                                                    <p class=\"desc\">Para Rodriguez Villar es importante toda acci\u00f3n que permita crecer y desarrollar proyectos, ya sea por nosotros mismos o estableciendo relaciones con otras empresas que tengan inquietude similares a las nuestras.\n<\/br>\n<\/br>\n\nEl grupo Rodriguez Villar lleva m\u00e1s de 30 a\u00f1os desarrollando proyectos en Catalunya y Andaluc\u00eda principalmente y en la actualidad posee una amplia cartera de inmuebles en r\u00e9gimen de alquiler. Otro activo importante es nuestra reserva de suelo de casi 2 millones de m2 aproximadamente.<\/p>\r\n                                \r\n                                \r\n                                \r\n                            <\/div>\r\n                        <\/div>\r\n                    <\/div>\r\n                <\/div>\r\n            <\/section>\r\n            <!-- mission-area-end -->\r\n\r\n        \r\n    \t\t<\/div>\n\t\t\t\t<\/div>\n\t\t\t\t\t<\/div>\n\t\t<\/div>\n\t\t\t\t\t<\/div>\n\t\t<\/section>\n\t\t\t\t<section class=\"elementor-section elementor-top-section elementor-element elementor-element-f9606a7 elementor-section-full_width elementor-section-height-default elementor-section-height-default\" data-id=\"f9606a7\" data-element_type=\"section\" data-settings=\"{&quot;background_background&quot;:&quot;classic&quot;,&quot;shape_divider_top&quot;:&quot;pyramids&quot;,&quot;shape_divider_bottom&quot;:&quot;pyramids&quot;}\">\n\t\t\t\t\t<div class=\"elementor-shape elementor-shape-top\" data-negative=\"false\">\n\t\t\t<svg xmlns=\"http:\/\/www.w3.org\/2000\/svg\" viewBox=\"0 0 1000 100\" preserveAspectRatio=\"none\">\n\t<path class=\"elementor-shape-fill\" d=\"M761.9,44.1L643.1,27.2L333.8,98L0,3.8V0l1000,0v3.9\"\/>\n<\/svg>\t\t<\/div>\n\t\t\t\t<div class=\"elementor-shape elementor-shape-bottom\" data-negative=\"false\">\n\t\t\t<svg xmlns=\"http:\/\/www.w3.org\/2000\/svg\" viewBox=\"0 0 1000 100\" preserveAspectRatio=\"none\">\n\t<path class=\"elementor-shape-fill\" d=\"M761.9,44.1L643.1,27.2L333.8,98L0,3.8V0l1000,0v3.9\"\/>\n<\/svg>\t\t<\/div>\n\t\t\t\t\t<div class=\"elementor-container elementor-column-gap-no\">\n\t\t\t\t\t<div class=\"elementor-column elementor-col-100 elementor-top-column elementor-element elementor-element-3e05ea0\" data-id=\"3e05ea0\" data-element_type=\"column\">\n\t\t\t<div class=\"elementor-widget-wrap elementor-element-populated\">\n\t\t\t\t\t\t<div class=\"elementor-element elementor-element-616ccd4 elementor-widget elementor-widget-tg-fact\" data-id=\"616ccd4\" data-element_type=\"widget\" data-widget_type=\"tg-fact.default\">\n\t\t\t\t<div class=\"elementor-widget-container\">\n\t\t\t\r\n        <script>\r\n            jQuery(document).ready(function($){\r\n\r\n                \/*=============================================\r\n                    =        Odometer Active         =\r\n                =============================================*\/\r\n                $('.odometer').appear(function (e) {\r\n                    var odo = $(\".odometer\");\r\n                    odo.each(function () {\r\n                        var countNumber = $(this).attr(\"data-count\");\r\n                        $(this).html(countNumber);\r\n                    });\r\n                });\r\n\r\n            });\r\n        <\/script>\r\n\r\n        <!-- counter-area -->\r\n        <div class=\"counter-area\">\r\n            <div class=\"container\">\r\n                <div class=\"row justify-content-center\">\r\n                    <div class=\"col-xl-8\">\r\n                        <div class=\"counter-item-wrap\">\r\n                            <div class=\"row\">\r\n                                                                <div class=\"col-md-3 col-sm-6 col-6\">\r\n                                    <div class=\"counter-item\">\r\n\r\n                                                                                    <span class=\"count odometer\" data-count=\"51\"><\/span>\r\n                                        \r\n                                                                                    <p>Proyectos <span>Completados<\/span><\/p>\r\n                                        \r\n                                    <\/div>\r\n                                <\/div>\r\n                                                                <div class=\"col-md-3 col-sm-6 col-6\">\r\n                                    <div class=\"counter-item\">\r\n\r\n                                                                                    <span class=\"count odometer\" data-count=\"30\"><\/span>\r\n                                        \r\n                                                                                    <p>En <span>construcci\u00f3n<\/span><\/p>\r\n                                        \r\n                                    <\/div>\r\n                                <\/div>\r\n                                                                <div class=\"col-md-3 col-sm-6 col-6\">\r\n                                    <div class=\"counter-item\">\r\n\r\n                                                                                    <span class=\"count odometer\" data-count=\"10\"><\/span>\r\n                                        \r\n                                                                                    <p>Locales <span>comerciales<\/span><\/p>\r\n                                        \r\n                                    <\/div>\r\n                                <\/div>\r\n                                                                <div class=\"col-md-3 col-sm-6 col-6\">\r\n                                    <div class=\"counter-item\">\r\n\r\n                                                                                    <span class=\"count odometer\" data-count=\"162\"><\/span>\r\n                                        \r\n                                                                                    <p>Parkings <span>en propiedad<\/span><\/p>\r\n                                        \r\n                                    <\/div>\r\n                                <\/div>\r\n                                                            <\/div>\r\n                        <\/div>\r\n                    <\/div>\r\n                <\/div>\r\n            <\/div>\r\n        <\/div>\r\n        <!-- counter-area-end -->\r\n\r\n    \t\t<\/div>\n\t\t\t\t<\/div>\n\t\t\t\t\t<\/div>\n\t\t<\/div>\n\t\t\t\t\t<\/div>\n\t\t<\/section>\n\t\t\t\t<section class=\"elementor-section elementor-top-section elementor-element elementor-element-fefe471 elementor-section-full_width elementor-section-height-default elementor-section-height-default\" data-id=\"fefe471\" data-element_type=\"section\">\n\t\t\t\t\t\t<div class=\"elementor-container elementor-column-gap-no\">\n\t\t\t\t\t<div class=\"elementor-column elementor-col-100 elementor-top-column elementor-element elementor-element-4d33c69\" data-id=\"4d33c69\" data-element_type=\"column\">\n\t\t\t<div class=\"elementor-widget-wrap elementor-element-populated\">\n\t\t\t\t\t\t<div class=\"elementor-element elementor-element-fe6fca9 elementor-widget elementor-widget-tg-mission-vision\" data-id=\"fe6fca9\" data-element_type=\"widget\" data-widget_type=\"tg-mission-vision.default\">\n\t\t\t\t<div class=\"elementor-widget-container\">\n\t\t\t\r\n        \r\n            <!-- vision-area -->\r\n            <section class=\"vision-area\">\r\n                <div class=\"container\">\r\n                    <div class=\"row align-items-center\">\r\n\r\n                                                <div class=\"col-lg-6 order-0 order-lg-2\">\r\n                            <div class=\"vision-img text-center\">\r\n                                <img decoding=\"async\" data-src=\"https:\/\/rvgrup.com\/inmobiliaria\/wp-content\/uploads\/2024\/07\/ibiza-e1719995803881.jpeg\" alt=\"\" src=\"data:image\/gif;base64,R0lGODlhAQABAAAAACH5BAEKAAEALAAAAAABAAEAAAICTAEAOw==\" class=\"lazyload\" style=\"--smush-placeholder-width: 799px; --smush-placeholder-aspect-ratio: 799\/600;\"><noscript><img decoding=\"async\" src=\"https:\/\/rvgrup.com\/inmobiliaria\/wp-content\/uploads\/2024\/07\/ibiza-e1719995803881.jpeg\" alt=\"\"><\/noscript>\r\n                            <\/div>\r\n                        <\/div>\r\n                        \r\n                        <div class=\"col-lg-6\">\r\n                            <div class=\"vision-content\">\r\n                                                                <div class=\"section-title mb-35\">\r\n                                                                            <span class=\"sub-title\">Un proyecto ambicioso<\/span>\r\n                                    \r\n                                    <h2 class=\"title\">proyecto de 83 viviendas de lujo en la milla de oro de Ibiza<\/h2>                                <\/div>\r\n\r\n                                                                    <p class=\"desc\">Entre nuestros proyectos inmediatos, cabe destacar la construcci\u00f3n de un <strong>proyecto de 83 viviendas de lujo en renta libre y locales comerciales<\/strong>, situado en la famosa \"milla de oro\" de Ibiza, concretamente en la zona de Marina Botafoch. Dee gran importancia es tambi\u00e9n el futuro proyecto que Rodr\u00edguez Villar llevar\u00e1 a cabo en el t\u00e9rmino de <strong>El Catllar (Tarragona), donde poseemos una finca de 1 millon de m2.<\/strong> \n<\/br>\n<\/br>En Sant Cugat del Vall\u00e9s tambi\u00e9n tenemos un proyecto donde aportamos un 50% de la inversi\u00f3n para la promoci\u00f3n de <strong> 12 viviendas de lujo en la mejor Zona de este municipio.<\/strong>\n<br>\n<\/br>Tampoco olvidamos el sector hotelero, en el cual queremos entrar a trav\u00e9s de un edificio de nuestra propiedad en la plaza Urquinaona a menos de 100 metros de la plaza Catalunya de Barcelona.\n\n<\/p>\r\n                                \r\n                                \r\n                                                                    <img decoding=\"async\" data-src=\"https:\/\/rvgrup.com\/inmobiliaria\/wp-content\/uploads\/2024\/07\/logo-dorado.png\" class=\"sign lazyload\" alt=\"\" src=\"data:image\/gif;base64,R0lGODlhAQABAAAAACH5BAEKAAEALAAAAAABAAEAAAICTAEAOw==\" style=\"--smush-placeholder-width: 250px; --smush-placeholder-aspect-ratio: 250\/100;\"><noscript><img decoding=\"async\" src=\"https:\/\/rvgrup.com\/inmobiliaria\/wp-content\/uploads\/2024\/07\/logo-dorado.png\" class=\"sign\" alt=\"\"><\/noscript>\r\n                                \r\n                            <\/div>\r\n                        <\/div>\r\n                    <\/div>\r\n                <\/div>\r\n            <\/section>\r\n            <!-- vision-area-end -->\r\n\r\n        \r\n    \t\t<\/div>\n\t\t\t\t<\/div>\n\t\t\t\t<div class=\"elementor-element elementor-element-45f059b elementor-widget elementor-widget-spacer\" data-id=\"45f059b\" data-element_type=\"widget\" data-widget_type=\"spacer.default\">\n\t\t\t\t<div class=\"elementor-widget-container\">\n\t\t\t<style>\/*! elementor - v3.20.0 - 26-03-2024 *\/\n.elementor-column .elementor-spacer-inner{height:var(--spacer-size)}.e-con{--container-widget-width:100%}.e-con-inner>.elementor-widget-spacer,.e-con>.elementor-widget-spacer{width:var(--container-widget-width,var(--spacer-size));--align-self:var(--container-widget-align-self,initial);--flex-shrink:0}.e-con-inner>.elementor-widget-spacer>.elementor-widget-container,.e-con>.elementor-widget-spacer>.elementor-widget-container{height:100%;width:100%}.e-con-inner>.elementor-widget-spacer>.elementor-widget-container>.elementor-spacer,.e-con>.elementor-widget-spacer>.elementor-widget-container>.elementor-spacer{height:100%}.e-con-inner>.elementor-widget-spacer>.elementor-widget-container>.elementor-spacer>.elementor-spacer-inner,.e-con>.elementor-widget-spacer>.elementor-widget-container>.elementor-spacer>.elementor-spacer-inner{height:var(--container-widget-height,var(--spacer-size))}.e-con-inner>.elementor-widget-spacer.elementor-widget-empty,.e-con>.elementor-widget-spacer.elementor-widget-empty{position:relative;min-height:22px;min-width:22px}.e-con-inner>.elementor-widget-spacer.elementor-widget-empty .elementor-widget-empty-icon,.e-con>.elementor-widget-spacer.elementor-widget-empty .elementor-widget-empty-icon{position:absolute;top:0;bottom:0;left:0;right:0;margin:auto;padding:0;width:22px;height:22px}<\/style>\t\t<div class=\"elementor-spacer\">\n\t\t\t<div class=\"elementor-spacer-inner\"><\/div>\n\t\t<\/div>\n\t\t\t\t<\/div>\n\t\t\t\t<\/div>\n\t\t\t\t\t<\/div>\n\t\t<\/div>\n\t\t\t\t\t<\/div>\n\t\t<\/section>\n\t\t\t\t<section class=\"elementor-section elementor-top-section elementor-element elementor-element-2b32191 elementor-section-full_width elementor-section-height-default elementor-section-height-default\" data-id=\"2b32191\" data-element_type=\"section\">\n\t\t\t\t\t\t<div class=\"elementor-container elementor-column-gap-no\">\n\t\t\t\t\t<div class=\"elementor-column elementor-col-100 elementor-top-column elementor-element elementor-element-857a54d\" data-id=\"857a54d\" data-element_type=\"column\">\n\t\t\t<div class=\"elementor-widget-wrap elementor-element-populated\">\n\t\t\t\t\t\t<div class=\"elementor-element elementor-element-6a54df8 elementor-widget elementor-widget-video\" data-id=\"6a54df8\" data-element_type=\"widget\" data-widget_type=\"video.default\">\n\t\t\t\t<div class=\"elementor-widget-container\">\n\t\t\t<style>\/*! elementor - v3.20.0 - 26-03-2024 *\/\n.elementor-widget-video .elementor-widget-container{overflow:hidden;transform:translateZ(0)}.elementor-widget-video .elementor-wrapper{aspect-ratio:var(--video-aspect-ratio)}.elementor-widget-video .elementor-wrapper iframe,.elementor-widget-video .elementor-wrapper video{height:100%;width:100%;display:flex;border:none;background-color:#000}@supports not (aspect-ratio:1\/1){.elementor-widget-video .elementor-wrapper{position:relative;overflow:hidden;height:0;padding-bottom:calc(100% \/ var(--video-aspect-ratio))}.elementor-widget-video .elementor-wrapper iframe,.elementor-widget-video .elementor-wrapper video{position:absolute;top:0;right:0;bottom:0;left:0}}.elementor-widget-video .elementor-open-inline .elementor-custom-embed-image-overlay{position:absolute;top:0;right:0;bottom:0;left:0;background-size:cover;background-position:50%}.elementor-widget-video .elementor-custom-embed-image-overlay{cursor:pointer;text-align:center}.elementor-widget-video .elementor-custom-embed-image-overlay:hover .elementor-custom-embed-play i{opacity:1}.elementor-widget-video .elementor-custom-embed-image-overlay img{display:block;width:100%;aspect-ratio:var(--video-aspect-ratio);-o-object-fit:cover;object-fit:cover;-o-object-position:center center;object-position:center center}@supports not (aspect-ratio:1\/1){.elementor-widget-video .elementor-custom-embed-image-overlay{position:relative;overflow:hidden;height:0;padding-bottom:calc(100% \/ var(--video-aspect-ratio))}.elementor-widget-video .elementor-custom-embed-image-overlay img{position:absolute;top:0;right:0;bottom:0;left:0}}.elementor-widget-video .e-hosted-video .elementor-video{-o-object-fit:cover;object-fit:cover}.e-con-inner>.elementor-widget-video,.e-con>.elementor-widget-video{width:var(--container-widget-width);--flex-grow:var(--container-widget-flex-grow)}<\/style>\r\n        \r\n            <script>\r\n                jQuery(document).ready(function($){\r\n                    $(\"[data-background]\").each(function () {\r\n                        $(this).css(\"background-image\", \"url(\" + $(this).attr(\"data-background\") + \")\")\r\n                    })\r\n                });\r\n            <\/script>\r\n\r\n            <!-- parallax-img-area -->\r\n            <div class=\"parallax-img parallax-img\" data-background=\"https:\/\/rvgrup.com\/inmobiliaria\/wp-content\/uploads\/2024\/04\/parque-industrial-malaga.webp\" data-jarallax data-video-src=\"https:\/\/www.youtube.com\/watch?v=999Yt2GkyPI\"><\/div>\r\n            <!-- parallax-img-area-end -->\r\n\r\n\r\n        \r\n    \t\t<\/div>\n\t\t\t\t<\/div>\n\t\t\t\t\t<\/div>\n\t\t<\/div>\n\t\t\t\t\t<\/div>\n\t\t<\/section>\n\t\t\t\t<section class=\"elementor-section elementor-top-section elementor-element elementor-element-6c67123 elementor-section-full_width elementor-section-height-default elementor-section-height-default\" data-id=\"6c67123\" data-element_type=\"section\">\n\t\t\t\t\t\t<div class=\"elementor-container elementor-column-gap-no\">\n\t\t\t\t\t<div class=\"elementor-column elementor-col-100 elementor-top-column elementor-element elementor-element-d2fd06d\" data-id=\"d2fd06d\" data-element_type=\"column\">\n\t\t\t<div class=\"elementor-widget-wrap\">\n\t\t\t\t\t\t\t<\/div>\n\t\t<\/div>\n\t\t\t\t\t<\/div>\n\t\t<\/section>\n\t\t\t\t<section class=\"elementor-section elementor-top-section elementor-element elementor-element-55210e1 elementor-section-full_width elementor-section-height-default elementor-section-height-default\" data-id=\"55210e1\" data-element_type=\"section\" data-settings=\"{&quot;background_background&quot;:&quot;classic&quot;}\">\n\t\t\t\t\t\t\t<div class=\"elementor-background-overlay\"><\/div>\n\t\t\t\t\t\t\t<div class=\"elementor-container elementor-column-gap-no\">\n\t\t\t\t\t<div class=\"elementor-column elementor-col-100 elementor-top-column elementor-element elementor-element-316b03d\" data-id=\"316b03d\" data-element_type=\"column\" data-settings=\"{&quot;background_background&quot;:&quot;classic&quot;}\">\n\t\t\t<div class=\"elementor-widget-wrap elementor-element-populated\">\n\t\t\t\t\t\t<div class=\"elementor-element elementor-element-aaef7f9 newsletter-area-two elementor-widget elementor-widget-tp-cta\" data-id=\"aaef7f9\" data-element_type=\"widget\" data-widget_type=\"tp-cta.default\">\n\t\t\t\t<div class=\"elementor-widget-container\">\n\t\t\t\r\n        <!-- newsletter-area -->\r\n        <section class=\"newsletter-area\">\r\n            <div class=\"container\">\r\n                <div class=\"row\">\r\n                    <div class=\"col-lg-12\">\r\n                        <div class=\"newsletter-inner\">\r\n                            <div class=\"row justify-content-center\">\r\n                                <div class=\"col-xl-8\">\r\n                                    <div class=\"newsletter-content\">\r\n\r\n                                                                                <div class=\"section-title mb-50\">\r\n\r\n                                                                                            <span class=\"sub-title\">Consulta r\u00e1pida<\/span>\r\n                                            \r\n                                            <h2 class=\"title\">\u00bfSi tienes alguna pregunta? Estaremos encantados de consultarle lo antes posible.<\/h2>\r\n                                        <\/div>\r\n                                        \r\n                                        \n<div class=\"wpcf7 no-js\" id=\"wpcf7-f256-o1\" lang=\"en-US\" dir=\"ltr\">\n<div class=\"screen-reader-response\"><p role=\"status\" aria-live=\"polite\" aria-atomic=\"true\"><\/p> <ul><\/ul><\/div>\n<form action=\"\/inmobiliaria\/wp-json\/wp\/v2\/pages\/69#wpcf7-f256-o1\" method=\"post\" class=\"wpcf7-form init\" aria-label=\"Contact form\" novalidate=\"novalidate\" data-status=\"init\">\n<div style=\"display: none;\">\n<input type=\"hidden\" name=\"_wpcf7\" value=\"256\" \/>\n<input type=\"hidden\" name=\"_wpcf7_version\" value=\"5.9.6\" \/>\n<input type=\"hidden\" name=\"_wpcf7_locale\" value=\"en_US\" \/>\n<input type=\"hidden\" name=\"_wpcf7_unit_tag\" value=\"wpcf7-f256-o1\" \/>\n<input type=\"hidden\" name=\"_wpcf7_container_post\" value=\"0\" \/>\n<input type=\"hidden\" name=\"_wpcf7_posted_data_hash\" value=\"\" \/>\n<input type=\"hidden\" name=\"_wpcf7_recaptcha_response\" value=\"\" \/>\n<\/div>\n<div class=\"newsletter-form\">\n    <ul class=\"list-wrap\">\n        <li><span class=\"wpcf7-form-control-wrap\" data-name=\"your-name\"><input size=\"40\" maxlength=\"80\" class=\"wpcf7-form-control wpcf7-text wpcf7-validates-as-required\" aria-required=\"true\" aria-invalid=\"false\" placeholder=\"Tu nombre\" value=\"\" type=\"text\" name=\"your-name\" \/><\/span><\/li>\n        <li><span class=\"wpcf7-form-control-wrap\" data-name=\"your-email\"><input size=\"40\" maxlength=\"80\" class=\"wpcf7-form-control wpcf7-email wpcf7-validates-as-required wpcf7-text wpcf7-validates-as-email\" aria-required=\"true\" aria-invalid=\"false\" placeholder=\"Tu email\" value=\"\" type=\"email\" name=\"your-email\" \/><\/span><\/li>\n        <li class=\"submit-btn\"><input class=\"wpcf7-form-control wpcf7-submit has-spinner\" type=\"submit\" value=\"Enviar\" \/><\/li>\n    <\/ul>\n    <div class=\"form-check\">\n        <input type=\"checkbox\" class=\"form-check-input\" id=\"checkbox\">\n        <label for=\"checkbox\">Yo acepto los <span>Terminos y condiciones<\/span> para procesar los datos personales.<\/label>\n    <\/div>\n<\/div><div class=\"wpcf7-response-output\" aria-hidden=\"true\"><\/div>\n<\/form>\n<\/div>\n\r\n                                    <\/div>\r\n                                <\/div>\r\n                            <\/div>\r\n                        <\/div>\r\n                    <\/div>\r\n                <\/div>\r\n            <\/div>\r\n        <\/section>\r\n        <!-- newsletter-area-end -->\r\n\r\n    \t\t<\/div>\n\t\t\t\t<\/div>\n\t\t\t\t\t<\/div>\n\t\t<\/div>\n\t\t\t\t\t<\/div>\n\t\t<\/section>\n\t\t\t\t<\/div>\n\t\t","protected":false},"excerpt":{"rendered":"<p>Nuestros proyectos son la mejor carta de presentaci\u00f3n M\u00c1S DE 30 A\u00d1OS EN EL SECTOR INMOBILIARIO Para Rodriguez Villar es importante toda acci\u00f3n que permita crecer y desarrollar proyectos, ya sea por nosotros mismos o estableciendo relaciones con otras empresas que tengan inquietude similares a las nuestras. El grupo Rodriguez Villar lleva m\u00e1s de 30 [&hellip;]<\/p>\n","protected":false},"author":1,"featured_media":0,"parent":0,"menu_order":0,"comment_status":"closed","ping_status":"closed","template":"elementor_header_footer","meta":{"_acf_changed":false,"footnotes":""},"class_list":["post-69","page","type-page","status-publish","hentry"],"acf":[],"_links":{"self":[{"href":"https:\/\/rvgrup.com\/inmobiliaria\/wp-json\/wp\/v2\/pages\/69","targetHints":{"allow":["GET"]}}],"collection":[{"href":"https:\/\/rvgrup.com\/inmobiliaria\/wp-json\/wp\/v2\/pages"}],"about":[{"href":"https:\/\/rvgrup.com\/inmobiliaria\/wp-json\/wp\/v2\/types\/page"}],"author":[{"embeddable":true,"href":"https:\/\/rvgrup.com\/inmobiliaria\/wp-json\/wp\/v2\/users\/1"}],"replies":[{"embeddable":true,"href":"https:\/\/rvgrup.com\/inmobiliaria\/wp-json\/wp\/v2\/comments?post=69"}],"version-history":[{"count":12,"href":"https:\/\/rvgrup.com\/inmobiliaria\/wp-json\/wp\/v2\/pages\/69\/revisions"}],"predecessor-version":[{"id":1756,"href":"https:\/\/rvgrup.com\/inmobiliaria\/wp-json\/wp\/v2\/pages\/69\/revisions\/1756"}],"wp:attachment":[{"href":"https:\/\/rvgrup.com\/inmobiliaria\/wp-json\/wp\/v2\/media?parent=69"}],"curies":[{"name":"wp","href":"https:\/\/api.w.org\/{rel}","templated":true}]}}