{"id":3,"date":"2024-04-02T18:29:45","date_gmt":"2024-04-02T18:29:45","guid":{"rendered":"https:\/\/casino.hospecat.com\/inmobiliaria\/?page_id=3"},"modified":"2024-07-11T11:04:51","modified_gmt":"2024-07-11T11:04:51","slug":"politica-de-privacidad","status":"publish","type":"page","link":"https:\/\/rvgrup.com\/inmobiliaria\/politica-de-privacidad\/","title":{"rendered":"Pol\u00edtica de Privacidad"},"content":{"rendered":"\r\n<h1 class=\"wp-block-heading\">POL\u00cdTICA DE PRIVACIDAD<\/h1>\r\n<p>En cumplimiento del RGPD (Reglamento General de Protecci\u00f3n de datos),\u00a0<b>EMIGINEVE, S.L.\u00a0<\/b>informa a los usuarios que los datos de car\u00e1cter personal que proporcionen al emplear los formularios o requerimientos de contrato se recoger\u00e1n en ficheros responsabilidad de\u00a0<b>EMIGINEVE, S.L.\u00a0<\/b>y ser\u00e1n tratados con la finalidad de poder prestar e informar sobre los servicios o sobre los productos que\u00a0<b>EMIGINEVE, S.L.\u00a0<\/b>ofrece. El hecho de rellenar un formulario de este espacio web implica que el usuario reconoce que la informaci\u00f3n y los datos personales que nos indica son suyos, exactos y ciertos.<\/p>\r\n<p><strong>1. \u00bfQui\u00e9n es el responsable del tratamiento de sus datos personales?<\/strong><\/p>\r\n<p>Como parte de su compromiso para cumplir la normativa vigente, todas las empresas integrantes de EMIGINEVE, S.L. siguen los mismos est\u00e1ndares y pol\u00edticas de cara a garantizar la protecci\u00f3n de sus datos personales. A continuaci\u00f3n, le presentamos la relaci\u00f3n de empresas del Grupo que act\u00faan como responsables del tratamiento. Se especificar\u00e1 en las cl\u00e1usulas informativas de primera capa o en los contratos que suscriba usted con EMIGINEVE, S.L. cu\u00e1l es la empresa o empresas en cuesti\u00f3n que act\u00faan como responsables del tratamiento de sus datos:<\/p>\r\n<table>\r\n<tbody>\r\n<tr>\r\n<td>EMIGINEVE, S.L.<\/td>\r\n<td>B62244496<\/td>\r\n<td>Gran Via de les Corts Catalanes, 756, 08013 Barcelona<\/td>\r\n<\/tr>\r\n<tr>\r\n<td>RESIDENCIAL TIBIDABO, S.A.<\/td>\r\n<td>A08934168<\/td>\r\n<td>Gran Via de les Corts Catalanes, 756, 08013 Barcelona<\/td>\r\n<\/tr>\r\n<tr>\r\n<td>POSBINTRA, S.A.<\/td>\r\n<td>A61994281<\/td>\r\n<td>Gran Via de les Corts Catalanes, 756, 08013 Barcelona<\/td>\r\n<\/tr>\r\n<tr>\r\n<td>MOLJOC SIGLO XXI, S.A.<\/td>\r\n<td>A61895439<\/td>\r\n<td>Gran Via de les Corts Catalanes, 756, 08013 Barcelona<\/td>\r\n<\/tr>\r\n<tr>\r\n<td>SORTIS, S.A.<\/td>\r\n<td>A28612471<\/td>\r\n<td>Paseo Valldaura 172 bajos, 08042\r\n<p>&nbsp;<\/p>\r\n<p>Barcelona<\/p>\r\n<\/td>\r\n<\/tr>\r\n<tr>\r\n<td>EXPLOTACIONES BILLAR, S.L.<\/td>\r\n<td>B60690575<\/td>\r\n<td>Gran Via de les Corts Catalanes, 756, 08013 Barcelona<\/td>\r\n<\/tr>\r\n<\/tbody>\r\n<\/table>\r\n<p>Si quer\u00e9is ponerte en contacto con nosotros para cualquier cuesti\u00f3n relacionada con el tratamiento de sus datos o con la normativa sobre protecci\u00f3n de datos en general, puede hacerlo a trav\u00e9s de:<\/p>\r\n<p>Correo electr\u00f3nico: rgpd@rodriguezvillar.com<\/p>\r\n<p><strong>2. \u00bfCu\u00e1les son las finalidades para continuar tratando sus datos personales;<\/strong><\/p>\r\n<p>Tratamos los datos personales de nuestros contactos, clientes y proveedores con la finalidad de gestionar la relaci\u00f3n legal y comercial con nuestra organizaci\u00f3n y, en especial, los aspectos legislativos relacionados con el juego, los aspectos contractuales, el env\u00edo de informaci\u00f3n de nuestra organizaci\u00f3n y del sector, de la organizaci\u00f3n de actividades, campa\u00f1as o eventos y el env\u00edo de comunicaciones informativas y comerciales (incluyendo la v\u00eda electr\u00f3nica).<\/p>\r\n<p><strong>3. \u00bfCu\u00e1nto tiempo conservaremos sus datos personales?<\/strong><\/p>\r\n<p>Los datos personales se conservar\u00e1n durante el plazo de seis (6) a\u00f1os, de conformidad con la normativa contable vigente y, si procede, durante diez (10) a\u00f1os seg\u00fan la normativa de prevenci\u00f3n de blanqueo de capitales.<br \/>En cualquier caso,\u00a0<b>EMIGINEVE, S.L.\u00a0<\/b>conservar\u00e1 sus datos personales mientras sean necesarios para la prestaci\u00f3n contractual de nuestra relaci\u00f3n, a menos que nos solicite su supresi\u00f3n. Asimismo, las conservar\u00e1 durante el periodo de tiempo necesario para dar cumplimiento a las obligaciones legales que en cada caso correspondan de acuerdo con la tipolog\u00eda de los datos.<\/p>\r\n<p><strong>4. \u00bfCu\u00e1l es la legitimaci\u00f3n para el tratamiento de sus datos personales?<\/strong><\/p>\r\n<p>\u2013 Ejecuci\u00f3n de medidas precontractuales a solicitud del interesado. Sus datos personales ser\u00e1n tratados en base a la relaci\u00f3n precontractual que da inicio al tratamiento y se legitima a trav\u00e9s de la selecci\u00f3n de la casilla Check de env\u00edo del formulario donde verifica su consentimiento.<\/p>\r\n<p>\u2013 La ejecuci\u00f3n de un contrato.<\/p>\r\n<p>\u2013 Su consentimiento y\/o el inter\u00e9s leg\u00edtimo en \u00e9l envi\u00f3 de comunicados comerciales y promociones.<\/p>\r\n<p>\u2013 El cumplimiento de obligaciones legales aplicables a la actividad, derivadas de la legislaci\u00f3n mercantil y tributaria con clientes y proveedores<\/p>\r\n<p><strong>5. \u00bfA qu\u00e9 destinatarios se comunicar\u00e1n sus datos personales?<\/strong><\/p>\r\n<p>Los datos \u00fanicamente podr\u00e1n comunicarse a organizaciones terceras vinculadas con\u00a0<b>EMIGINEVE, S.L.\u00a0<\/b>en el \u00e1mbito de la gesti\u00f3n de sus productos y\/o servicios para las mismas finalidades referidas anteriormente, as\u00ed como a las Administraciones P\u00fablicas competentes, cuando as\u00ed lo exija la normativa vigente.<\/p>\r\n<p>Los empleados de\u00a0<b>EMIGINEVE, S.L.\u00a0<\/b>que disponen de derechos de acceso autorizado de acuerdo con la estructura de seguridad interna de\u00a0<b>EMIGINEVE, S.L.\u00a0<\/b>pueden acceder a sus datos personales con los objetivos y finalidades descritas en esta Pol\u00edtica de Privacidad. Todos los empleados de\u00a0<b>EMIGINEVE, S.L.\u00a0<\/b>han sido formados e informados de sus responsabilidades al respecto y firman el acuerdo de confidencialidad correspondiente. Igualmente, pueden acceder a sus datos, organizaciones terceras cuya intervenci\u00f3n sea requerida y\/o necesaria para la gesti\u00f3n adecuada de la prestaci\u00f3n del servicio.<\/p>\r\n<p><b>EMIGINEVE, S.L.\u00a0<\/b>ha establecido contratos o acuerdos contractuales y medidas de seguridad con terceros, para garantizar el adecuado nivel de seguridad y de protecci\u00f3n de los datos personales a lo largo de la cadena relacionada.<\/p>\r\n<p><strong>6. \u00bfCu\u00e1les son sus derechos en relaci\u00f3n con sus datos personales?<\/strong><\/p>\r\n<p>Puede solicitar el acceso, rectificaci\u00f3n, supresi\u00f3n, limitaci\u00f3n al tratamiento, portabilidad y oposici\u00f3n al tratamiento de sus datos personales en cualquier momento.<\/p>\r\n<p>Podr\u00e1 revocar el consentimiento al env\u00edo de comunicaciones comerciales y ejercer los derechos referidos anteriormente, mediante el env\u00edo de un correo electr\u00f3nico a rgpd@rodriguezvillar.com acompa\u00f1ado de la acreditaci\u00f3n documental de su identidad. Con la excepci\u00f3n que ya nos lo haya indicado con anterioridad mediante la opci\u00f3n de darse de baja que se encuentra al pie de los env\u00edos electr\u00f3nicos, en cuyo caso, ya disponemos de tal informaci\u00f3n.<\/p>\r\n<p>Si no obtiene una respuesta satisfactoria y desea formular una reclamaci\u00f3n u obtener m\u00e1s informaci\u00f3n al respecto de cualquier de esos derechos, puede dirigirse a la Agencia Espa\u00f1ola de Protecci\u00f3n de Datos (<a href=\"http:\/\/www.agpd.es\/\">www.agpd.es<\/a>).<\/p>\r\n<p><strong>7. \u00bfCu\u00e1l es la relaci\u00f3n de informaci\u00f3n personal almacenada?<\/strong><\/p>\r\n<p>Se guardan los datos b\u00e1sicos de identificaci\u00f3n y relaci\u00f3n para el env\u00edo de propuestas, informaci\u00f3n comercial, para crear facturas, como por ejemplo nombre, domicilio de env\u00edo, NIF\/CIF, n\u00famero de cuenta bancaria, si el cliente desea domiciliaci\u00f3n bancaria.<\/p>\r\n<p><strong>8. \u00bfCu\u00e1l es la Pol\u00edtica de almacenamiento de los datos \/disponibilidad \/backups y su ubicaci\u00f3n?<\/strong><\/p>\r\n<p>No se elimina informaci\u00f3n, a menos que sea solicitada supresi\u00f3n por parte del usuario y que esta supresi\u00f3n proceda (ver punto 3). Siempre est\u00e1 disponible, aunque puede estar bloqueada para env\u00edos informativos de marketing \/ comercial, si ejercitados los derechos de supresi\u00f3n, limitaci\u00f3n al tratamiento u oposici\u00f3n por parte del usuario.<\/p>\r\n<p>Se realizan copias de seguridad de los servidores que contienen datos, debidamente controladas y custodiadas.<\/p>\r\n<p><strong>9. \u00bfCu\u00e1l es la Pol\u00edtica de privacidad y seguridad de la informaci\u00f3n y su acceso?<\/strong><\/p>\r\n<p>El acceso a la base de datos est\u00e1 protegido mediante usuario y contrase\u00f1a. En el caso de acceso remoto, este se realiza mediante conexi\u00f3n VPN y protocolo SSL<\/p>\r\n<p><strong>10. \u00bfCu\u00e1l es la Pol\u00edtica de respuesta ante incidentes de seguridad y an\u00e1lisis de impacto?<\/strong><\/p>\r\n<p><b>EMIGINEVE, S.L.\u00a0<\/b>ha adoptado medidas de protecci\u00f3n t\u00e9cnica y organizativa apropiadas y estas medidas se han aplicado a los datos personales afectados por la potencial violaci\u00f3n de la seguridad de los datos personales. No hay acceso a datos de los clientes \/ usuarios para personas que no est\u00e9n autorizadas a acceder a ellos.<\/p>\r\n<p><b>EMIGINEVE, S.L.\u00a0<\/b>ha llevado a cabo y mantiene actualizado un An\u00e1lisis de riesgos de la vulnerabilidad de los datos personales y su impacto sobre la seguridad de la intimidad de los clientes \/ usuarios.<\/p>\r\n<p><strong>11. \u00bfCu\u00e1l es la Pol\u00edtica de borrado de informaci\u00f3n ante bajas de servicio?<\/strong><\/p>\r\n<p><b>EMIGINEVE, S.L.\u00a0<\/b>desactiva las cuentas de los clientes \/ usuarios que deciden darse de baja y que hayan ejercido su derecho a la supresi\u00f3n. En este caso, los datos del cliente \/ usuario quedar\u00e1n bloqueados y mantenidos por el tiempo requerido por normativa, exclusivamente para dar cuenta de las obligaciones legales que justifiquen la relaci\u00f3n pasada entre las partes.<\/p>\r\n<p><strong>12. \u00bfQui\u00e9n es nuestro Responsable de Seguridad en materia de Protecci\u00f3n de datos?<\/strong><\/p>\r\n<p><b>EMIGINEVE, S.L.\u00a0<\/b>ha designado un DPD (Delegado de Protecci\u00f3n de datos), de acuerdo con la legislaci\u00f3n vigente, a fin de velar por el correcto funcionamiento de esta Pol\u00edtica de Privacidad y de asegurar que se preservan sus requisitos en relaci\u00f3n con los datos personales de usuarios internos y externos a la organizaci\u00f3n.<\/p>\r\n<p>El delegado de protecci\u00f3n de datos (DPD) es el garante del cumplimiento de la normativa de protecci\u00f3n de datos en la organizaci\u00f3n, que se encarga de supervisar, de manera independiente, la aplicaci\u00f3n del cumplimiento de la normativa de protecci\u00f3n de datos.<\/p>\r\n<p>Pod\u00e9is contactar mediante:<\/p>\r\n<p>o Correo electr\u00f3nico: rgpd@rodriguezvillar.com<\/p>\r\n<p>o Direcci\u00f3n de contacto: Gran Via de les Corts Catalanes, Bajos 756, 08013 Barcelona<\/p>\r\n<p>El delegado de protecci\u00f3n de datos se encuentra regulado en el Reglamento (UE) 2016\/679 del Parlamento Europeo y del Consejo (RGPD), de 27 de abril de 2016, relativo a la protecci\u00f3n de las personas f\u00edsicas con respecto al tratamiento de datos personales y a la libre circulaci\u00f3n de estos datos y por el que se deroga la Directiva 95\/46\/CE.<\/p>\r\n<p>El art\u00edculo 39 del RGPD, recoge las funciones del delegado de protecci\u00f3n de datos que son las siguientes:<\/p>\r\n<p>o Informar y asesorar de sus obligaciones al responsable o al encargado del tratamiento y a los empleados que se ocupan del tratamiento, de conformidad con este Reglamento y con otras disposiciones de protecci\u00f3n de datos de la Uni\u00f3n o de los estados miembros.<\/p>\r\n<p>o Supervisar el cumplimiento de lo dispuesto en este Reglamento, de otras disposiciones de protecci\u00f3n de datos de la Uni\u00f3n o de los estados miembros y de las pol\u00edticas del responsable o del encargado del tratamiento en materia de protecci\u00f3n de datos personales, incluida la asignaci\u00f3n de responsabilidades, la concienciaci\u00f3n y la formaci\u00f3n del personal que participa en las operaciones de tratamiento y las auditor\u00edas correspondientes.<\/p>\r\n<p>o Ofrecer el asesoramiento que se le solicita sobre la evaluaci\u00f3n de impacto relativa a la protecci\u00f3n de datos y supervisar su aplicaci\u00f3n, de conformidad con el art\u00edculo 35.<\/p>\r\n<p>o Cooperar con la autoridad de control.<\/p>\r\n<p>o Actuar como punto de contacto de la autoridad de control para cuestiones relativas al tratamiento, incluida la consulta previa a que se refiere el art\u00edculo 36, y hacer consultas, en su caso, sobre cualquier otro asunto.<\/p>\r\n<p>En caso de que\u00a0<b>EMIGINEVE, S.L.\u00a0<\/b>identifique una violaci\u00f3n de seguridad de datos personales, los usuarios ser\u00e1n notificados a la mayor brevedad posible en relaci\u00f3n con la misma y, en caso de que fuese de riesgo importante, se notificar\u00eda igualmente a la autoridad competente.<\/p>\r\n<p>El usuario registrado conserva en todo momento la posibilidad de ejercitar sus derechos de acceso, rectificaci\u00f3n, oposici\u00f3n, supresi\u00f3n, tratamiento limitado, portabilidad u oposici\u00f3n al tratamiento de sus datos. As\u00ed mismo, y de conformidad con la Ley 34\/ 2002, de 1 de julio, de servicios de la sociedad de la informaci\u00f3n y comercio electr\u00f3nico, puede revocar en cualquier momento el consentimiento prestado a la recepci\u00f3n de comunicaciones comerciales. En caso de duda, as\u00ed como por ejercitar los derechos mencionados, puede dirigirse a\u00a0<b>EMIGINEVE, S.L.\u00a0<\/b>mediante correo electr\u00f3nico rgpd@rodriguezvillar.com o correo postal a Direcci\u00f3n:\u00a0<b>EMIGINEVE, S.L.\u00a0<\/b>en Gran Via de les Corts Catalanes, Bajos 756, 08013 Barcelona<\/p>\r\n","protected":false},"excerpt":{"rendered":"<p>POL\u00cdTICA DE PRIVACIDAD En cumplimiento del RGPD (Reglamento General de Protecci\u00f3n de datos),\u00a0EMIGINEVE, S.L.\u00a0informa a los usuarios que los datos de car\u00e1cter personal que proporcionen al emplear los formularios o requerimientos de contrato se recoger\u00e1n en ficheros responsabilidad de\u00a0EMIGINEVE, S.L.\u00a0y ser\u00e1n tratados con la finalidad de poder prestar e informar sobre los servicios o sobre [&hellip;]<\/p>\n","protected":false},"author":1,"featured_media":0,"parent":0,"menu_order":0,"comment_status":"closed","ping_status":"closed","template":"","meta":{"_acf_changed":false,"footnotes":""},"class_list":["post-3","page","type-page","status-publish","hentry"],"acf":[],"_links":{"self":[{"href":"https:\/\/rvgrup.com\/inmobiliaria\/wp-json\/wp\/v2\/pages\/3","targetHints":{"allow":["GET"]}}],"collection":[{"href":"https:\/\/rvgrup.com\/inmobiliaria\/wp-json\/wp\/v2\/pages"}],"about":[{"href":"https:\/\/rvgrup.com\/inmobiliaria\/wp-json\/wp\/v2\/types\/page"}],"author":[{"embeddable":true,"href":"https:\/\/rvgrup.com\/inmobiliaria\/wp-json\/wp\/v2\/users\/1"}],"replies":[{"embeddable":true,"href":"https:\/\/rvgrup.com\/inmobiliaria\/wp-json\/wp\/v2\/comments?post=3"}],"version-history":[{"count":3,"href":"https:\/\/rvgrup.com\/inmobiliaria\/wp-json\/wp\/v2\/pages\/3\/revisions"}],"predecessor-version":[{"id":1736,"href":"https:\/\/rvgrup.com\/inmobiliaria\/wp-json\/wp\/v2\/pages\/3\/revisions\/1736"}],"wp:attachment":[{"href":"https:\/\/rvgrup.com\/inmobiliaria\/wp-json\/wp\/v2\/media?parent=3"}],"curies":[{"name":"wp","href":"https:\/\/api.w.org\/{rel}","templated":true}]}}